{"id":312,"date":"2022-09-20T15:31:18","date_gmt":"2022-09-20T13:31:18","guid":{"rendered":"https:\/\/actuemoscontraelexpolio.saharaelkartea.org\/monologo-20-de-octubre\/"},"modified":"2022-09-28T10:59:50","modified_gmt":"2022-09-28T08:59:50","slug":"bakarrizketa-urriaren-20a","status":"publish","type":"page","link":"https:\/\/actuemoscontraelexpolio.saharaelkartea.org\/eu\/bakarrizketa-urriaren-20a\/","title":{"rendered":"Bakarrizketa (Urriaren 20a)"},"content":{"rendered":"\n<style type=\"text\/css\" data-created_by=\"avia_inline_auto\" id=\"style-css-av-2qqj5-b3299636cf6dd96a142d51b0fd85bab3\">\n.avia-section.av-2qqj5-b3299636cf6dd96a142d51b0fd85bab3{\nbackground-color:#c4281d;\nbackground-image:unset;\n}\n<\/style>\n<div id='av_section_1'  class='avia-section av-2qqj5-b3299636cf6dd96a142d51b0fd85bab3 main_color avia-section-default avia-no-border-styling  avia-builder-el-0  el_before_av_one_full  avia-builder-el-first  avia-bg-style-scroll container_wrap fullsize'  ><div class='container av-section-cont-open' ><main  role=\"main\" itemprop=\"mainContentOfPage\"  class='template-page content  av-content-full alpha units'><div class='post-entry post-entry-type-page post-entry-312'><div class='entry-content-wrapper clearfix'>\n<div  class='flex_column av-27xix-b0402f45efc0c551c75ffa17d5f7d4bd av_one_fourth  avia-builder-el-1  el_before_av_one_fifth  avia-builder-el-first  first flex_column_div  '     ><style type=\"text\/css\" data-created_by=\"avia_inline_auto\" id=\"style-css-av-1jr5l-3096a7115d30df6a7519c315f0182124\">\n#top .av-special-heading.av-1jr5l-3096a7115d30df6a7519c315f0182124{\npadding-bottom:10px;\ncolor:#ffffff;\n}\nbody .av-special-heading.av-1jr5l-3096a7115d30df6a7519c315f0182124 .av-special-heading-tag .heading-char{\nfont-size:25px;\n}\n.av-special-heading.av-1jr5l-3096a7115d30df6a7519c315f0182124 .special-heading-inner-border{\nborder-color:#ffffff;\n}\n.av-special-heading.av-1jr5l-3096a7115d30df6a7519c315f0182124 .av-subheading{\nfont-size:24px;\n}\n<\/style>\n<div  class='av-special-heading av-1jr5l-3096a7115d30df6a7519c315f0182124 av-special-heading-h1 custom-color-heading blockquote modern-quote  avia-builder-el-2  avia-builder-el-no-sibling '><h1 class='av-special-heading-tag'  itemprop=\"headline\"  >Bakarrizketa<\/h1><div class='av_custom_color av-subheading av-subheading_below'><p>Urriaren 20an,<br \/>\n19:00etan Aldabe Gizarte Etxean (Vitoria-Gasteiz)<\/p>\n<\/div><div class=\"special-heading-border\"><div class=\"special-heading-inner-border\"><\/div><\/div><\/div><\/div><div  class='flex_column av-t9ol-957e93f966d0186763af9fe31fdf3b6e av_one_fifth  avia-builder-el-3  el_after_av_one_fourth  el_before_av_one_half  flex_column_div  '     ><style type=\"text\/css\" data-created_by=\"avia_inline_auto\" id=\"style-css-av-l8igo9yk-8a35d3c18948d4419ea674e1dfe73042\">\n.avia-image-container.av-l8igo9yk-8a35d3c18948d4419ea674e1dfe73042 img.avia_image{\nbox-shadow:none;\n}\n.avia-image-container.av-l8igo9yk-8a35d3c18948d4419ea674e1dfe73042 .av-image-caption-overlay-center{\ncolor:#ffffff;\n}\n<\/style>\n<div  class='avia-image-container av-l8igo9yk-8a35d3c18948d4419ea674e1dfe73042 av-styling-circle avia-align-center  avia-builder-el-4  avia-builder-el-no-sibling '   itemprop=\"image\" itemscope=\"itemscope\" itemtype=\"https:\/\/schema.org\/ImageObject\" ><div class=\"avia-image-container-inner\"><div class=\"avia-image-overlay-wrap\"><img decoding=\"async\" fetchpriority=\"high\" class='wp-image-292 avia-img-lazy-loading-not-292 avia_image ' src=\"https:\/\/actuemoscontraelexpolio.saharaelkartea.org\/wp-content\/uploads\/2022\/09\/sergio-arrospide.jpg\" alt='' title='sergio-arrospide'  height=\"342\" width=\"342\"  itemprop=\"thumbnailUrl\" srcset=\"https:\/\/actuemoscontraelexpolio.saharaelkartea.org\/wp-content\/uploads\/2022\/09\/sergio-arrospide.jpg 342w, https:\/\/actuemoscontraelexpolio.saharaelkartea.org\/wp-content\/uploads\/2022\/09\/sergio-arrospide-300x300.jpg 300w, https:\/\/actuemoscontraelexpolio.saharaelkartea.org\/wp-content\/uploads\/2022\/09\/sergio-arrospide-80x80.jpg 80w, https:\/\/actuemoscontraelexpolio.saharaelkartea.org\/wp-content\/uploads\/2022\/09\/sergio-arrospide-36x36.jpg 36w, https:\/\/actuemoscontraelexpolio.saharaelkartea.org\/wp-content\/uploads\/2022\/09\/sergio-arrospide-180x180.jpg 180w\" sizes=\"(max-width: 342px) 100vw, 342px\" \/><\/div><\/div><\/div><\/div><div  class='flex_column av-uz0x-4a7f8ad0dd39c4dc6e51bca18088d4d9 av_one_half  avia-builder-el-5  el_after_av_one_fifth  avia-builder-el-last  flex_column_div  '     ><style type=\"text\/css\" data-created_by=\"avia_inline_auto\" id=\"style-css-av-l8abqn43-7bc69878450c4d0dc09e5a8f4217e1ad\">\n#top .av_textblock_section.av-l8abqn43-7bc69878450c4d0dc09e5a8f4217e1ad .avia_textblock{\ncolor:#ffffff;\n}\n<\/style>\n<section  class='av_textblock_section av-l8abqn43-7bc69878450c4d0dc09e5a8f4217e1ad '   itemscope=\"itemscope\" itemtype=\"https:\/\/schema.org\/CreativeWork\" ><div class='avia_textblock av_inherit_color'  itemprop=\"text\" ><p>Sergio Arrospidek, oraingo honetan, saharar herriak jasaten dituen baliabide naturalen espoliazioari begirada kritikoz heltzeko umorezko espazio bat eskaintzen digu. Kontsumitzen ditugun produktuen jatorriaz kontzientziatzeko gune bat, baina baita ondo pasatzeko ere.<\/p>\n<p>Sergio Arrospidek ibilbide luzea egin du aktore, gidoilari eta telebistako aurkezle gisa, eta ETBko &#8220;y Punto&#8221;, &#8220;Qu\u00e9 te est\u00e1s contando&#8221; edo &#8220;El concurso de mon\u00f3logos de Radio Euskadi&#8221; saioetan parte hartu du.<\/p>\n<p>17 urte baino gehiago daramatza komedian, eta, bere hitzetan, &#8220;Gauzak serioegi ez hartzeko ahalmena du&#8221;.<\/p>\n<p>Oraingoan, urriaren 20an Aldabeko gizarte etxean 19:00etan Saharako baliabide naturalen espoliazioari buruzko bakarrizketa aurkeztuko digu.<\/p>\n<\/div><\/section><\/div><\/div><\/div><\/main><!-- close content main element --><\/div><\/div><div id='after_section_1'  class='main_color av_default_container_wrap container_wrap fullsize'  ><div class='container av-section-cont-open' ><div class='template-page content  av-content-full alpha units'><div class='post-entry post-entry-type-page post-entry-312'><div class='entry-content-wrapper clearfix'><div  class='flex_column av-zgll-c2b24577dc25baacf90b312c9c20e5c5 av_one_full  avia-builder-el-7  el_after_av_section  avia-builder-el-no-sibling  first flex_column_div  '     ><\/div><\/p>\n","protected":false},"excerpt":{"rendered":"","protected":false},"author":1,"featured_media":0,"parent":0,"menu_order":0,"comment_status":"closed","ping_status":"closed","template":"","meta":{"footnotes":""},"class_list":["post-312","page","type-page","status-publish","hentry"],"yoast_head":"<!-- This site is optimized with the Yoast SEO plugin v22.4 - https:\/\/yoast.com\/wordpress\/plugins\/seo\/ -->\n<title>Bakarrizketa (Urriaren 20a) - Actuemos contra el expolio<\/title>\n<meta name=\"description\" content=\"Ekin diezaiogun Espoliazioari. Arrospideren bakarrizketa. Urriaren 20an 19:00etan Aldabe Gizarte Etxean. Vitoria-Gasteiz.\" \/>\n<meta name=\"robots\" content=\"index, follow, max-snippet:-1, max-image-preview:large, max-video-preview:-1\" \/>\n<link rel=\"canonical\" href=\"https:\/\/actuemoscontraelexpolio.saharaelkartea.org\/eu\/bakarrizketa-urriaren-20a\/\" \/>\n<meta property=\"og:locale\" content=\"eu_ES\" \/>\n<meta property=\"og:type\" content=\"article\" \/>\n<meta property=\"og:title\" content=\"Sergio Arrospideren bakarrizketa &quot;Ekin diezaiogun Espoliazioari&quot;\" \/>\n<meta property=\"og:description\" content=\"Urriaren 20an 19:00etan Aldabe Gizarte Etxean. Vitoria-Gasteiz.\" \/>\n<meta property=\"og:url\" content=\"https:\/\/actuemoscontraelexpolio.saharaelkartea.org\/eu\/bakarrizketa-urriaren-20a\/\" \/>\n<meta property=\"og:site_name\" content=\"Actuemos contra el expolio\" \/>\n<meta property=\"article:modified_time\" content=\"2022-09-28T08:59:50+00:00\" \/>\n<meta property=\"og:image\" content=\"https:\/\/actuemoscontraelexpolio.saharaelkartea.org\/wp-content\/uploads\/2022\/09\/sergio-arrospide.jpg\" \/>\n\t<meta property=\"og:image:width\" content=\"342\" \/>\n\t<meta property=\"og:image:height\" content=\"342\" \/>\n\t<meta property=\"og:image:type\" content=\"image\/jpeg\" \/>\n<meta name=\"twitter:card\" content=\"summary_large_image\" \/>\n<meta name=\"twitter:title\" content=\"Sergio Arrospideren bakarrizketa &quot;Ekin diezaiogun Espoliazioari&quot;\" \/>\n<meta name=\"twitter:description\" content=\"Urriaren 20an 19:00etan Aldabe Gizarte Etxean. Vitoria-Gasteiz.\" \/>\n<meta name=\"twitter:image\" content=\"https:\/\/actuemoscontraelexpolio.saharaelkartea.org\/wp-content\/uploads\/2022\/09\/sergio-arrospide.jpg\" \/>\n<meta name=\"twitter:label1\" content=\"Est. reading time\" \/>\n\t<meta name=\"twitter:data1\" content=\"4 minutes\" \/>\n<script type=\"application\/ld+json\" class=\"yoast-schema-graph\">{\"@context\":\"https:\/\/schema.org\",\"@graph\":[{\"@type\":\"WebPage\",\"@id\":\"https:\/\/actuemoscontraelexpolio.saharaelkartea.org\/eu\/bakarrizketa-urriaren-20a\/\",\"url\":\"https:\/\/actuemoscontraelexpolio.saharaelkartea.org\/eu\/bakarrizketa-urriaren-20a\/\",\"name\":\"Bakarrizketa (Urriaren 20a) - Actuemos contra el expolio\",\"isPartOf\":{\"@id\":\"https:\/\/actuemoscontraelexpolio.saharaelkartea.org\/#website\"},\"datePublished\":\"2022-09-20T13:31:18+00:00\",\"dateModified\":\"2022-09-28T08:59:50+00:00\",\"description\":\"Ekin diezaiogun Espoliazioari. Arrospideren bakarrizketa. Urriaren 20an 19:00etan Aldabe Gizarte Etxean. Vitoria-Gasteiz.\",\"breadcrumb\":{\"@id\":\"https:\/\/actuemoscontraelexpolio.saharaelkartea.org\/eu\/bakarrizketa-urriaren-20a\/#breadcrumb\"},\"inLanguage\":\"eu-ES\",\"potentialAction\":[{\"@type\":\"ReadAction\",\"target\":[\"https:\/\/actuemoscontraelexpolio.saharaelkartea.org\/eu\/bakarrizketa-urriaren-20a\/\"]}]},{\"@type\":\"BreadcrumbList\",\"@id\":\"https:\/\/actuemoscontraelexpolio.saharaelkartea.org\/eu\/bakarrizketa-urriaren-20a\/#breadcrumb\",\"itemListElement\":[{\"@type\":\"ListItem\",\"position\":1,\"name\":\"Portada\",\"item\":\"https:\/\/actuemoscontraelexpolio.saharaelkartea.org\/eu\/azala\/\"},{\"@type\":\"ListItem\",\"position\":2,\"name\":\"Bakarrizketa (Urriaren 20a)\"}]},{\"@type\":\"WebSite\",\"@id\":\"https:\/\/actuemoscontraelexpolio.saharaelkartea.org\/#website\",\"url\":\"https:\/\/actuemoscontraelexpolio.saharaelkartea.org\/\",\"name\":\"Actuemos contra el expolio\",\"description\":\"\",\"potentialAction\":[{\"@type\":\"SearchAction\",\"target\":{\"@type\":\"EntryPoint\",\"urlTemplate\":\"https:\/\/actuemoscontraelexpolio.saharaelkartea.org\/?s={search_term_string}\"},\"query-input\":\"required name=search_term_string\"}],\"inLanguage\":\"eu-ES\"}]}<\/script>\n<!-- \/ Yoast SEO plugin. -->","yoast_head_json":{"title":"Bakarrizketa (Urriaren 20a) - Actuemos contra el expolio","description":"Ekin diezaiogun Espoliazioari. Arrospideren bakarrizketa. Urriaren 20an 19:00etan Aldabe Gizarte Etxean. Vitoria-Gasteiz.","robots":{"index":"index","follow":"follow","max-snippet":"max-snippet:-1","max-image-preview":"max-image-preview:large","max-video-preview":"max-video-preview:-1"},"canonical":"https:\/\/actuemoscontraelexpolio.saharaelkartea.org\/eu\/bakarrizketa-urriaren-20a\/","og_locale":"eu_ES","og_type":"article","og_title":"Sergio Arrospideren bakarrizketa \"Ekin diezaiogun Espoliazioari\"","og_description":"Urriaren 20an 19:00etan Aldabe Gizarte Etxean. Vitoria-Gasteiz.","og_url":"https:\/\/actuemoscontraelexpolio.saharaelkartea.org\/eu\/bakarrizketa-urriaren-20a\/","og_site_name":"Actuemos contra el expolio","article_modified_time":"2022-09-28T08:59:50+00:00","og_image":[{"width":342,"height":342,"url":"https:\/\/actuemoscontraelexpolio.saharaelkartea.org\/wp-content\/uploads\/2022\/09\/sergio-arrospide.jpg","type":"image\/jpeg"}],"twitter_card":"summary_large_image","twitter_title":"Sergio Arrospideren bakarrizketa \"Ekin diezaiogun Espoliazioari\"","twitter_description":"Urriaren 20an 19:00etan Aldabe Gizarte Etxean. Vitoria-Gasteiz.","twitter_image":"https:\/\/actuemoscontraelexpolio.saharaelkartea.org\/wp-content\/uploads\/2022\/09\/sergio-arrospide.jpg","twitter_misc":{"Est. reading time":"4 minutes"},"schema":{"@context":"https:\/\/schema.org","@graph":[{"@type":"WebPage","@id":"https:\/\/actuemoscontraelexpolio.saharaelkartea.org\/eu\/bakarrizketa-urriaren-20a\/","url":"https:\/\/actuemoscontraelexpolio.saharaelkartea.org\/eu\/bakarrizketa-urriaren-20a\/","name":"Bakarrizketa (Urriaren 20a) - Actuemos contra el expolio","isPartOf":{"@id":"https:\/\/actuemoscontraelexpolio.saharaelkartea.org\/#website"},"datePublished":"2022-09-20T13:31:18+00:00","dateModified":"2022-09-28T08:59:50+00:00","description":"Ekin diezaiogun Espoliazioari. Arrospideren bakarrizketa. Urriaren 20an 19:00etan Aldabe Gizarte Etxean. Vitoria-Gasteiz.","breadcrumb":{"@id":"https:\/\/actuemoscontraelexpolio.saharaelkartea.org\/eu\/bakarrizketa-urriaren-20a\/#breadcrumb"},"inLanguage":"eu-ES","potentialAction":[{"@type":"ReadAction","target":["https:\/\/actuemoscontraelexpolio.saharaelkartea.org\/eu\/bakarrizketa-urriaren-20a\/"]}]},{"@type":"BreadcrumbList","@id":"https:\/\/actuemoscontraelexpolio.saharaelkartea.org\/eu\/bakarrizketa-urriaren-20a\/#breadcrumb","itemListElement":[{"@type":"ListItem","position":1,"name":"Portada","item":"https:\/\/actuemoscontraelexpolio.saharaelkartea.org\/eu\/azala\/"},{"@type":"ListItem","position":2,"name":"Bakarrizketa (Urriaren 20a)"}]},{"@type":"WebSite","@id":"https:\/\/actuemoscontraelexpolio.saharaelkartea.org\/#website","url":"https:\/\/actuemoscontraelexpolio.saharaelkartea.org\/","name":"Actuemos contra el expolio","description":"","potentialAction":[{"@type":"SearchAction","target":{"@type":"EntryPoint","urlTemplate":"https:\/\/actuemoscontraelexpolio.saharaelkartea.org\/?s={search_term_string}"},"query-input":"required name=search_term_string"}],"inLanguage":"eu-ES"}]}},"_links":{"self":[{"href":"https:\/\/actuemoscontraelexpolio.saharaelkartea.org\/eu\/wp-json\/wp\/v2\/pages\/312","targetHints":{"allow":["GET"]}}],"collection":[{"href":"https:\/\/actuemoscontraelexpolio.saharaelkartea.org\/eu\/wp-json\/wp\/v2\/pages"}],"about":[{"href":"https:\/\/actuemoscontraelexpolio.saharaelkartea.org\/eu\/wp-json\/wp\/v2\/types\/page"}],"author":[{"embeddable":true,"href":"https:\/\/actuemoscontraelexpolio.saharaelkartea.org\/eu\/wp-json\/wp\/v2\/users\/1"}],"replies":[{"embeddable":true,"href":"https:\/\/actuemoscontraelexpolio.saharaelkartea.org\/eu\/wp-json\/wp\/v2\/comments?post=312"}],"version-history":[{"count":4,"href":"https:\/\/actuemoscontraelexpolio.saharaelkartea.org\/eu\/wp-json\/wp\/v2\/pages\/312\/revisions"}],"predecessor-version":[{"id":418,"href":"https:\/\/actuemoscontraelexpolio.saharaelkartea.org\/eu\/wp-json\/wp\/v2\/pages\/312\/revisions\/418"}],"wp:attachment":[{"href":"https:\/\/actuemoscontraelexpolio.saharaelkartea.org\/eu\/wp-json\/wp\/v2\/media?parent=312"}],"curies":[{"name":"wp","href":"https:\/\/api.w.org\/{rel}","templated":true}]}}